{"id":1168,"date":"2024-06-04T10:55:33","date_gmt":"2024-06-04T10:55:33","guid":{"rendered":"https:\/\/www.kantor.sk\/referencie\/"},"modified":"2024-06-04T10:55:33","modified_gmt":"2024-06-04T10:55:33","slug":"referencie","status":"publish","type":"page","link":"https:\/\/www.kantor.sk\/en\/referencie\/","title":{"rendered":"Referencie"},"content":{"rendered":"<p>[et_pb_section fb_built=&#8221;1&#8243; custom_padding_last_edited=&#8221;off|desktop&#8221; admin_label=&#8221;Header&#8221; _builder_version=&#8221;4.19.5&#8243; background_enable_color=&#8221;off&#8221; background_image=&#8221;https:\/\/www.kantor.sk\/wp-content\/uploads\/2024\/07\/referencie.png&#8221; background_size=&#8221;stretch&#8221; min_height=&#8221;450px&#8221; custom_padding=&#8221;0px||0px||false|false&#8221; custom_padding_tablet=&#8221;0vw||&#8221; custom_padding_phone=&#8221;0vw||&#8221; hover_enabled=&#8221;0&#8243; box_shadow_style=&#8221;preset7&#8243; box_shadow_horizontal=&#8221;0px&#8221; box_shadow_vertical=&#8221;-100px&#8221; box_shadow_color=&#8221;#ffffff&#8221; global_colors_info=&#8221;{}&#8221; sticky_enabled=&#8221;0&#8243; background_last_edited=&#8221;on|phone&#8221; background_size_phone=&#8221;contain&#8221; min_height_last_edited=&#8221;on|phone&#8221; min_height_phone=&#8221;350px&#8221; min_height_tablet=&#8221;450px&#8221;][\/et_pb_section][et_pb_section fb_built=&#8221;1&#8243; admin_label=&#8221;Blog&#8221; _builder_version=&#8221;4.19.5&#8243; background_enable_pattern_style=&#8221;on&#8221; background_pattern_style=&#8221;tufted&#8221; custom_padding=&#8221;||100px||false|false&#8221; hover_enabled=&#8221;0&#8243; custom_width_px__hover=&#8221;1080px&#8221; custom_width_px__hover_enabled=&#8221;1080px&#8221; custom_width_percent__hover=&#8221;80%&#8221; custom_width_percent__hover_enabled=&#8221;80%&#8221; global_colors_info=&#8221;{}&#8221; gutter_width__hover=&#8221;3&#8243; gutter_width__hover_enabled=&#8221;3&#8243; parallax_1__hover=&#8221;off&#8221; parallax_1__hover_enabled=&#8221;off&#8221; parallax_2__hover=&#8221;off&#8221; parallax_2__hover_enabled=&#8221;off&#8221; parallax_3__hover=&#8221;off&#8221; parallax_3__hover_enabled=&#8221;off&#8221; parallax_method_1__hover=&#8221;on&#8221; parallax_method_1__hover_enabled=&#8221;on&#8221; parallax_method_2__hover=&#8221;on&#8221; parallax_method_2__hover_enabled=&#8221;on&#8221; parallax_method_3__hover=&#8221;on&#8221; parallax_method_3__hover_enabled=&#8221;on&#8221; use_background_color_gradient__hover=&#8221;off&#8221; use_background_color_gradient__hover_enabled=&#8221;off&#8221; background_color_gradient_start__hover=&#8221;#2b87da&#8221; background_color_gradient_start__hover_enabled=&#8221;#2b87da&#8221; background_color_gradient_end__hover=&#8221;#29c4a9&#8243; background_color_gradient_end__hover_enabled=&#8221;#29c4a9&#8243; background_color_gradient_type__hover=&#8221;linear&#8221; background_color_gradient_type__hover_enabled=&#8221;linear&#8221; background_color_gradient_direction__hover=&#8221;180deg&#8221; background_color_gradient_direction__hover_enabled=&#8221;180deg&#8221; background_color_gradient_direction_radial__hover=&#8221;center&#8221; background_color_gradient_direction_radial__hover_enabled=&#8221;center&#8221; background_color_gradient_start_position__hover=&#8221;0%&#8221; background_color_gradient_start_position__hover_enabled=&#8221;0%&#8221; background_color_gradient_end_position__hover=&#8221;100%&#8221; background_color_gradient_end_position__hover_enabled=&#8221;100%&#8221; background_color_gradient_overlays_image__hover=&#8221;off&#8221; background_color_gradient_overlays_image__hover_enabled=&#8221;off&#8221; parallax__hover=&#8221;off&#8221; parallax__hover_enabled=&#8221;off&#8221; parallax_method__hover=&#8221;on&#8221; parallax_method__hover_enabled=&#8221;on&#8221; background_size__hover=&#8221;cover&#8221; background_size__hover_enabled=&#8221;cover&#8221; background_position__hover=&#8221;center&#8221; background_position__hover_enabled=&#8221;center&#8221; background_repeat__hover=&#8221;no-repeat&#8221; background_repeat__hover_enabled=&#8221;no-repeat&#8221; background_blend__hover=&#8221;normal&#8221; background_blend__hover_enabled=&#8221;normal&#8221; allow_player_pause__hover=&#8221;off&#8221; allow_player_pause__hover_enabled=&#8221;off&#8221; background_video_pause_outside_viewport__hover=&#8221;on&#8221; background_video_pause_outside_viewport__hover_enabled=&#8221;on&#8221; inner_shadow__hover=&#8221;off&#8221; inner_shadow__hover_enabled=&#8221;off&#8221; make_fullwidth__hover=&#8221;off&#8221; make_fullwidth__hover_enabled=&#8221;off&#8221; use_custom_width__hover=&#8221;off&#8221; use_custom_width__hover_enabled=&#8221;off&#8221; width_unit__hover=&#8221;on&#8221; width_unit__hover_enabled=&#8221;on&#8221; make_equal__hover=&#8221;off&#8221; make_equal__hover_enabled=&#8221;off&#8221; use_custom_gutter__hover=&#8221;off&#8221; use_custom_gutter__hover_enabled=&#8221;off&#8221; border_radii__hover=&#8221;on||||&#8221; border_radii__hover_enabled=&#8221;on||||&#8221; box_shadow_style__hover=&#8221;none&#8221; box_shadow_style__hover_enabled=&#8221;none&#8221; box_shadow_color__hover=&#8221;rgba(0,0,0,0.3)&#8221; box_shadow_color__hover_enabled=&#8221;rgba(0,0,0,0.3)&#8221; max_width__hover=&#8221;100%&#8221; max_width__hover_enabled=&#8221;100%&#8221; filter_hue_rotate__hover=&#8221;0deg&#8221; filter_hue_rotate__hover_enabled=&#8221;0deg&#8221; filter_saturate__hover=&#8221;100%&#8221; filter_saturate__hover_enabled=&#8221;100%&#8221; filter_brightness__hover=&#8221;100%&#8221; filter_brightness__hover_enabled=&#8221;100%&#8221; filter_contrast__hover=&#8221;100%&#8221; filter_contrast__hover_enabled=&#8221;100%&#8221; filter_invert__hover=&#8221;0%&#8221; filter_invert__hover_enabled=&#8221;0%&#8221; filter_sepia__hover=&#8221;0%&#8221; filter_sepia__hover_enabled=&#8221;0%&#8221; filter_opacity__hover=&#8221;100%&#8221; filter_opacity__hover_enabled=&#8221;100%&#8221; filter_blur__hover=&#8221;0px&#8221; filter_blur__hover_enabled=&#8221;0px&#8221; mix_blend_mode__hover=&#8221;normal&#8221; mix_blend_mode__hover_enabled=&#8221;normal&#8221; animation_style__hover=&#8221;none&#8221; animation_style__hover_enabled=&#8221;none&#8221; animation_repeat__hover=&#8221;once&#8221; animation_repeat__hover_enabled=&#8221;once&#8221; animation_direction__hover=&#8221;center&#8221; animation_direction__hover_enabled=&#8221;center&#8221; animation_duration__hover=&#8221;1000ms&#8221; animation_duration__hover_enabled=&#8221;1000ms&#8221; animation_delay__hover=&#8221;0ms&#8221; animation_delay__hover_enabled=&#8221;0ms&#8221; animation_intensity_slide__hover=&#8221;50%&#8221; animation_intensity_slide__hover_enabled=&#8221;50%&#8221; animation_intensity_zoom__hover=&#8221;50%&#8221; animation_intensity_zoom__hover_enabled=&#8221;50%&#8221; animation_intensity_flip__hover=&#8221;50%&#8221; animation_intensity_flip__hover_enabled=&#8221;50%&#8221; animation_intensity_fold__hover=&#8221;50%&#8221; animation_intensity_fold__hover_enabled=&#8221;50%&#8221; animation_intensity_roll__hover=&#8221;50%&#8221; animation_intensity_roll__hover_enabled=&#8221;50%&#8221; animation_starting_opacity__hover=&#8221;0%&#8221; animation_starting_opacity__hover_enabled=&#8221;0%&#8221; animation_speed_curve__hover=&#8221;ease-in-out&#8221; animation_speed_curve__hover_enabled=&#8221;ease-in-out&#8221; hover_transition_duration__hover=&#8221;300ms&#8221; hover_transition_duration__hover_enabled=&#8221;300ms&#8221; hover_transition_delay__hover=&#8221;0ms&#8221; hover_transition_delay__hover_enabled=&#8221;0ms&#8221; hover_transition_speed_curve__hover=&#8221;ease&#8221; hover_transition_speed_curve__hover_enabled=&#8221;ease&#8221; background_color_gradient_stops__hover=&#8221;#2b87da 0%|#29c4a9 100%&#8221; custom_padding_last_edited=&#8221;on|phone&#8221; custom_padding_phone=&#8221;0px||30px||false|false&#8221; custom_margin_last_edited=&#8221;on|phone&#8221; custom_margin_phone=&#8221;-50px||||false|false&#8221; sticky_enabled=&#8221;0&#8243; custom_padding_tablet=&#8221;||100px||false|false&#8221;][et_pb_row column_structure=&#8221;1_2,1_2&#8243; _builder_version=&#8221;4.19.5&#8243; _module_preset=&#8221;default&#8221; global_colors_info=&#8221;{}&#8221;][et_pb_column type=&#8221;1_2&#8243; _builder_version=&#8221;4.19.5&#8243; _module_preset=&#8221;default&#8221; global_colors_info=&#8221;{}&#8221;][et_pb_text _builder_version=&#8221;4.19.5&#8243; _module_preset=&#8221;default&#8221; global_colors_info=&#8221;{}&#8221;]<\/p>\n<p>V Z\u00e1horciach 9.7.2003<\/p>\n<p>V\u00e1\u017een\u00fd p\u00e1n Nikolo K\u00e1ntor,<\/p>\n<p>v m\u00e1ji minul\u00e9ho roku som si zak\u00fapil V\u00e1\u0161 v\u00fdrobok \u017den-\u0160en tekut\u00e9 sladidlo cca 2ks 2x250ml. Po vysk\u00fa\u0161an\u00ed jeho \u00fa\u010dinkov som si zaobstaral e\u0161te 10 ks.<\/p>\n<p>M\u00e1m probl\u00e9my s krvn\u00fdm tlakom. Pri pou\u017e\u00edvan\u00ed V\u00e1\u0161ho v\u00fdrobku sa m\u00f4j zdravotn\u00fd stav z \u010dasti upravil. Av\u0161ak v janu\u00e1ri tohto roku sa mi minula posledn\u00e1 f\u013ea\u0161ka. Tak\u017ee si chcem objedna\u0165 \u010fal\u0161\u00ed.<\/p>\n<p>Na etikete v\u00fdrobku som na\u0161iel Va\u0161u adresu a preto sa obraciam priamo na V\u00e1s. Neviem \u010di m\u00e1te v ponuke in\u00e9 v\u00fdrobky.<\/p>\n<p>Najrad\u0161ej by som bol keby ste mi zaslali 2 f\u013ea\u0161ky , t.j. 1x norm\u00e1l a 1x pre diabetikov, sirupu \u017den-\u0160en + ponukov\u00fd list \u2013 ak m\u00e1te in\u00e9 v\u00fdrobky.<\/p>\n<p>Za\u0161lite po\u0161tou na dobierku.<\/p>\n<p>\u010eal\u0161\u00ed odber predpoklad\u00e1m 20 flia\u0161, ale najprv chcem vysk\u00fa\u0161a\u0165 sirup, ktor\u00fd je v predaji tento rok.<\/p>\n<p>Ak by V\u00e1m vyhovoval osobn\u00fd odber v Nitre, za\u0161lite mi adresu, pr\u00edpadne telef\u00f3nne \u010d\u00edslo, Nitru pozn\u00e1m ve\u013emi dobre. \u017dil som tam 6 rokov.<\/p>\n<p>Ale najprv by som potreboval tie 2 f\u013ea\u0161ky.<\/p>\n<p>[\/et_pb_text][\/et_pb_column][et_pb_column type=&#8221;1_2&#8243; _builder_version=&#8221;4.19.5&#8243; _module_preset=&#8221;default&#8221; global_colors_info=&#8221;{}&#8221;][et_pb_text _builder_version=&#8221;4.19.5&#8243; _module_preset=&#8221;default&#8221; global_colors_info=&#8221;{}&#8221;]<\/p>\n<p>P\u00e1n BS, Bratislava:<\/p>\n<p>Ani vlastne neviem, \u010di sa tieto riadky dostan\u00fa do spr\u00e1vnych r\u00fak, ale ak \u00e1no tak budem ve\u013emi r\u00e1d. V decembri 2004 na Viano\u010dn\u00fdch trhoch v Bratislavskej Inchebe som pre moju matku k\u00fapil ve\u013emi zauj\u00edmav\u00fd pr\u00edpravok, v\u00fdrobok \u2013 sladidlo vitam\u00ednov\u00e9 tekut\u00e9 s koenz\u00fdmom Q10 pre diabetikov. Moja matka sa tomu ve\u013emi pote\u0161ila, ale u\u017e jej doch\u00e1dzaj\u00fa z\u00e1soby a preto ma po\u017eiadala, aby som sa pok\u00fasil vyp\u00e1tra\u0165 V\u00e1s pod\u013ea \u00fadajov na f\u013ea\u0161ke. Preto sa tieto riadky pok\u00fa\u0161am posla\u0165 na adresu, ktor\u00e1 bola na f\u013ea\u0161ke. Matka s\u00edce b\u00fdva v Mo\u010denku pri Nitre, ale m\u00e1 76 rokov, chod\u00ed u\u017e o 2 paliciach a tak by som v\u00e1s chcel poprosi\u0165 posla\u0165 to formou dobierky na moju adresu do Bratislavy. Ak by som e\u0161te mohol poprosi\u0165 o presnej\u0161\u00ed kontakt na V\u00e1s, preto\u017ee ob\u010das, ke\u010f z\u00e1jdem na p\u00e1r dn\u00ed do Mo\u010denku, tak by nebol pre m\u0148a probl\u00e9m sko\u010di\u0165 do Nitry. Mal by som z\u00e1ujem o zaslanie 2 f\u013ea\u0161iek tohto pr\u00edpravku, preto\u017ee matka s t\u00fdm nar\u00e1ba ve\u013emi opatrne a jedna f\u013ea\u0161ka jej vydr\u017e\u00ed aj 2 mesiace. D\u00fafam, \u017ee \u013eahko pochop\u00edte, \u017ee o ak\u00fd v\u00fdrobok sa jedn\u00e1.<\/p>\n<p>Za pochopenie vopred \u010fakujem.<\/p>\n<p>[\/et_pb_text][\/et_pb_column][\/et_pb_row][et_pb_row column_structure=&#8221;1_2,1_2&#8243; _builder_version=&#8221;4.19.5&#8243; _module_preset=&#8221;default&#8221; global_colors_info=&#8221;{}&#8221;][et_pb_column type=&#8221;1_2&#8243; _builder_version=&#8221;4.19.5&#8243; _module_preset=&#8221;default&#8221; global_colors_info=&#8221;{}&#8221;][et_pb_text _builder_version=&#8221;4.19.5&#8243; _module_preset=&#8221;default&#8221; global_colors_info=&#8221;{}&#8221;]<\/p>\n<p>V\u00e1\u017een\u00fd p\u00e1n K\u00e1ntor,<\/p>\n<p>objedn\u00e1vam si u V\u00e1s 2 f\u013ea\u0161ky tekut\u00e9ho sladidla \u2013 zlo\u017eenie: cukor, \u0161alvia lek\u00e1rska, m\u00e4ta pieporn\u00e1, estrag\u00f3n, tymi\u00e1n + koenz\u00fdm Q10.<\/p>\n<p>Va\u0161e sladidlo v tomto zlo\u017een\u00ed mi ve\u013emi dobre p\u00f4sob\u00ed na \u017eal\u00fadok, upravilo sa mi tr\u00e1venie a m\u00f4\u017eem dokonca jes\u0165 aj uhorky, ktor\u00e9 mi u\u017e roky robili probl\u00e9my.<\/p>\n<p>Je ve\u013ek\u00e1 \u0161koda, \u017ee V\u00e1\u0161 v\u00fdrobok nie je dosta\u0165 v lek\u00e1r\u0148ach a m\u00e1lo \u013eud\u00ed o \u0148om vie. Pros\u00edm V\u00e1s, za\u0161lite mi e\u0161te ponukov\u00fd list na \u010fal\u0161ie Va\u0161e v\u00fdrobky.<\/p>\n<p>S pozdravom<\/p>\n<p>\u0160.\u0147.<\/p>\n<p>Polt\u00e1r<\/p>\n<p>[\/et_pb_text][\/et_pb_column][et_pb_column type=&#8221;1_2&#8243; _builder_version=&#8221;4.19.5&#8243; _module_preset=&#8221;default&#8221; global_colors_info=&#8221;{}&#8221;][et_pb_text _builder_version=&#8221;4.19.5&#8243; _module_preset=&#8221;default&#8221; global_colors_info=&#8221;{}&#8221;]<\/p>\n<p>Na \u00favod by som V\u00e1m chcela nap\u00edsa\u0165 p\u00e1r slov o Va\u0161om v\u00fdrobku \u2013 sladidlo \u017de\u0148-\u0160e\u0148. Je to skvel\u00fd v\u00fdrobok, zak\u00fapila som si ho od Va\u0161ich d\u00edlerov v meste Prievidza a ve\u013emi mi pomohol. Vyu\u017eila som obidve d\u00e1vky a c\u00edtim sa po \u0148om skvele, pln\u00e1 energie a optimizmu. M\u00e1m 48 rokov a ve\u013ek\u00e9 probl\u00e9my s pohybov\u00fdm \u00fastrojenstvom a r\u00f4zne \u017eensk\u00e9 probl\u00e9my. Pri u\u017e\u00edvan\u00ed \u017de\u0148-\u0160e\u0148u som v\u0161ak ako znovuzroden\u00e1.<\/p>\n<p>Nako\u013eko som d\u00e1vku minula a poci\u0165ujem viac \u00fanavu a \u00fabytok energie, pros\u00edm V\u00e1s, \u010di by ste mi nezaslali e\u0161te dve d\u00e1vky tohto prostriedku, aby som sa zase c\u00edtila skvele. Chcela by som v\u0161ak vedie\u0165, \u010di je to e\u0161te za t\u00fa cenu, \u010do som kupovala od d\u00edlerov, lebo som nezamestnan\u00e1 a nem\u00f4\u017eem si dovoli\u0165 k\u00fapi\u0165 si to za norm\u00e1lnu cenu, preto\u017ee nepober\u00e1m ani soci\u00e1lku a m\u00f4j man\u017eel mi nie je ochotn\u00fd tolerova\u0165 tak\u00e9to v\u00fddavky.<\/p>\n<p>E\u0161te raz V\u00e1m ve\u013emi pekne \u010fakujem a chv\u00e1lim V\u00e1\u0161 v\u00fdrobok pred v\u0161etk\u00fdmi zn\u00e1mymi a celou rodinou. Je to fantastick\u00e9, dr\u017e\u00edm V\u00e1m palce, aby ste mali ve\u013ea tak\u00fdchto spokojn\u00fdch z\u00e1kazn\u00edkov ako som ja. Ak mi to nem\u00f4\u017eete z nejak\u00e9ho d\u00f4vodu zasla\u0165, pros\u00edm V\u00e1s, aspo\u0148 mi nap\u00ed\u0161te, kde by som sa mohla obr\u00e1ti\u0165 o zaslanie V\u00e1\u0161ho v\u00fdrobku \u017de\u0148 \u0160e\u0148 dia.<\/p>\n<p>Ve\u013ea zdravia a pracovn\u00fdch \u00faspechov V\u00e1m \u017eel\u00e1 S.\u013d.<\/p>\n<p>[\/et_pb_text][\/et_pb_column][\/et_pb_row][\/et_pb_section]<\/p>\n","protected":false},"excerpt":{"rendered":"<p>V Z\u00e1horciach 9.7.2003 V\u00e1\u017een\u00fd p\u00e1n Nikolo K\u00e1ntor, v m\u00e1ji minul\u00e9ho roku som si zak\u00fapil V\u00e1\u0161 v\u00fdrobok \u017den-\u0160en tekut\u00e9 sladidlo cca 2ks 2x250ml. Po vysk\u00fa\u0161an\u00ed jeho \u00fa\u010dinkov som si zaobstaral e\u0161te 10 ks. M\u00e1m probl\u00e9my s krvn\u00fdm tlakom. Pri pou\u017e\u00edvan\u00ed V\u00e1\u0161ho v\u00fdrobku sa m\u00f4j zdravotn\u00fd stav z \u010dasti upravil. Av\u0161ak v janu\u00e1ri tohto roku sa mi [&hellip;]<\/p>\n","protected":false},"author":1,"featured_media":0,"parent":0,"menu_order":0,"comment_status":"closed","ping_status":"closed","template":"","meta":{"_et_pb_use_builder":"on","_et_pb_old_content":"","_et_gb_content_width":"","footnotes":""},"class_list":["post-1168","page","type-page","status-publish","hentry"],"_links":{"self":[{"href":"https:\/\/www.kantor.sk\/en\/wp-json\/wp\/v2\/pages\/1168","targetHints":{"allow":["GET"]}}],"collection":[{"href":"https:\/\/www.kantor.sk\/en\/wp-json\/wp\/v2\/pages"}],"about":[{"href":"https:\/\/www.kantor.sk\/en\/wp-json\/wp\/v2\/types\/page"}],"author":[{"embeddable":true,"href":"https:\/\/www.kantor.sk\/en\/wp-json\/wp\/v2\/users\/1"}],"replies":[{"embeddable":true,"href":"https:\/\/www.kantor.sk\/en\/wp-json\/wp\/v2\/comments?post=1168"}],"version-history":[{"count":0,"href":"https:\/\/www.kantor.sk\/en\/wp-json\/wp\/v2\/pages\/1168\/revisions"}],"wp:attachment":[{"href":"https:\/\/www.kantor.sk\/en\/wp-json\/wp\/v2\/media?parent=1168"}],"curies":[{"name":"wp","href":"https:\/\/api.w.org\/{rel}","templated":true}]}}