{"id":1169,"date":"2024-06-04T10:57:52","date_gmt":"2024-06-04T10:57:52","guid":{"rendered":"https:\/\/www.kantor.sk\/recepty\/"},"modified":"2025-07-22T08:32:59","modified_gmt":"2025-07-22T08:32:59","slug":"recepty","status":"publish","type":"page","link":"https:\/\/www.kantor.sk\/en\/recepty\/","title":{"rendered":"Recepty"},"content":{"rendered":"<p>[et_pb_section fb_built=&#8221;1&#8243; custom_padding_last_edited=&#8221;off|desktop&#8221; admin_label=&#8221;Header&#8221; _builder_version=&#8221;4.19.5&#8243; background_color=&#8221;#2a2e40&#8243; use_background_color_gradient=&#8221;on&#8221; background_color_gradient_type=&#8221;circular&#8221; background_color_gradient_stops=&#8221;rgba(42,46,64,0) 0%|#2a2e40 99%&#8221; background_color_gradient_start=&#8221;rgba(42,46,64,0)&#8221; background_color_gradient_end=&#8221;#2a2e40&#8243; background_color_gradient_end_position=&#8221;70%&#8221; background_image=&#8221;https:\/\/www.kantor.sk\/wp-content\/uploads\/2024\/07\/recepty.png&#8221; background_size=&#8221;stretch&#8221; min_height=&#8221;434.7px&#8221; min_height_tablet=&#8221;434.7px&#8221; min_height_phone=&#8221;&#8221; min_height_last_edited=&#8221;on|phone&#8221; custom_margin=&#8221;||||false|false&#8221; custom_padding=&#8221;||||false|false&#8221; custom_padding_tablet=&#8221;0vw||&#8221; custom_padding_phone=&#8221;0vw||&#8221; global_colors_info=&#8221;{}&#8221;][\/et_pb_section][et_pb_section fb_built=&#8221;1&#8243; admin_label=&#8221;Contact Info&#8221; _builder_version=&#8221;4.19.5&#8243; min_height=&#8221;43.5px&#8221; custom_margin=&#8221;||||false|false&#8221; global_colors_info=&#8221;{}&#8221;][et_pb_row custom_padding_last_edited=&#8221;on|phone&#8221; _builder_version=&#8221;4.19.5&#8243; _module_preset=&#8221;default&#8221; custom_padding_tablet=&#8221;&#8221; custom_padding_phone=&#8221;||0px||false|false&#8221; global_colors_info=&#8221;{}&#8221;][et_pb_column type=&#8221;4_4&#8243; _builder_version=&#8221;4.19.5&#8243; _module_preset=&#8221;default&#8221; global_colors_info=&#8221;{}&#8221;][et_pb_text _builder_version=&#8221;4.19.5&#8243; _module_preset=&#8221;default&#8221; global_colors_info=&#8221;{}&#8221;]<\/p>\n<h1 style=\"text-align: center;\">Recept starej mamy ur\u010den\u00fd na cholesterol, regener\u00e1ciu cievneho syst\u00e9mu, a pre\u010distenie krvi.<\/h1>\n<p>[\/et_pb_text][\/et_pb_column][\/et_pb_row][\/et_pb_section][et_pb_section fb_built=&#8221;1&#8243; custom_padding_last_edited=&#8221;on|phone&#8221; _builder_version=&#8221;4.19.5&#8243; _module_preset=&#8221;default&#8221; background_enable_pattern_style=&#8221;on&#8221; background_pattern_style=&#8221;tufted&#8221; background_pattern_color=&#8221;#7CDA24&#8243; custom_padding_tablet=&#8221;&#8221; custom_padding_phone=&#8221;0px||||false|false&#8221; global_colors_info=&#8221;{}&#8221;][et_pb_row column_structure=&#8221;1_2,1_2&#8243; _builder_version=&#8221;4.19.5&#8243; _module_preset=&#8221;default&#8221; global_colors_info=&#8221;{}&#8221;][et_pb_column type=&#8221;1_2&#8243; _builder_version=&#8221;4.19.5&#8243; _module_preset=&#8221;default&#8221; global_colors_info=&#8221;{}&#8221;][et_pb_image src=&#8221;https:\/\/www.kantor.sk\/wp-content\/uploads\/2025\/07\/IMG_1759_20250720_154615770.jpg&#8221; title_text=&#8221;IMG_1759_20250720_154615770&#8243; _builder_version=&#8221;4.19.5&#8243; _module_preset=&#8221;default&#8221; custom_margin=&#8221;||60px|||&#8221; custom_padding=&#8221;57px||46px|2px||&#8221; custom_padding_tablet=&#8221;57px||46px|2px||&#8221; custom_padding_phone=&#8221;0px||46px|2px|false|false&#8221; custom_padding_last_edited=&#8221;on|phone&#8221; hover_enabled=&#8221;0&#8243; global_colors_info=&#8221;{}&#8221; sticky_enabled=&#8221;0&#8243;][\/et_pb_image][et_pb_image src=&#8221;https:\/\/www.kantor.sk\/wp-content\/uploads\/2024\/06\/logo-1.webp&#8221; title_text=&#8221;logo-1&#8243; _builder_version=&#8221;4.19.5&#8243; _module_preset=&#8221;default&#8221; global_colors_info=&#8221;{}&#8221;][\/et_pb_image][\/et_pb_column][et_pb_column type=&#8221;1_2&#8243; _builder_version=&#8221;4.19.5&#8243; _module_preset=&#8221;default&#8221; global_colors_info=&#8221;{}&#8221;][et_pb_text _builder_version=&#8221;4.19.5&#8243; _module_preset=&#8221;default&#8221; global_colors_info=&#8221;{}&#8221;]<\/p>\n<div class=\"et_pb_module et_pb_text et_pb_text_1  et_pb_text_align_left et_pb_bg_layout_light\">\n<div class=\"et_pb_text_inner\">\n<p><strong>Suroviny<\/strong>:<\/p>\n<ul>\n<li>F\u013ea\u0161a sirupu \u017den-\u0160en 330 g<\/li>\n<li>2,5 litra prevarenej vody<\/li>\n<li>15-20 str\u00fa\u010dikov cesnaku<\/li>\n<li>1 ve\u013ek\u00e1 cibu\u013ea<\/li>\n<li>2 citr\u00f3ny<\/li>\n<li>200 g chrenu<\/li>\n<\/ul>\n<\/div>\n<\/div>\n<div class=\"et_pb_module et_pb_text et_pb_text_2  et_pb_text_align_left et_pb_bg_layout_light\">\n<div class=\"et_pb_text_inner\">\n<p><strong>N\u00e1vod na pr\u00edpravu<\/strong>: cesnak, cibu\u013eu, chren zomelieme a d\u00e1me do 5 litrov\u00e9ho zav\u00e1raninov\u00e9ho poh\u00e1ra, prid\u00e1me na pl\u00e1tky nakr\u00e1jan\u00e9 citr\u00f3ny prevaren\u00fa vodu a Sirup \u017den-\u0160en.<\/p>\n<p>Takto pripraven\u00fd n\u00e1poj ob\u010das premie\u0161ame a po dvoch t\u00fd\u017ed\u0148och a po vyl\u00fahovan\u00ed m\u00f4\u017eeme precedi\u0165.<\/p>\n<p>U\u017e\u00edvanie po 2 dcl r\u00e1no. Skladujeme v tmavom a chladnom prostred\u00ed chladni\u010dky. Ide\u00e1lne je pripravova\u0165 si tento n\u00e1poj 2-3x ro\u010dne.<\/p>\n<\/div>\n<\/div>\n<div class=\"et_pb_module et_pb_text et_pb_text_3  et_pb_text_align_left et_pb_bg_layout_light\">\n<div class=\"et_pb_text_inner\">\n<p><strong>Jednoduch\u00e1 recept\u00fara pre v\u0161etky sirupy vyroben\u00e9 f. K\u00e1ntor: do pol litra vody, piva, alebo alkoholu prid\u00e1te pol deci sirupu a doriedite pod\u013ea vlastnej chuti. N\u00e1poj, ktor\u00fd si takto vytvor\u00edte je jedine\u010dn\u00fd, bez konzerva\u010dn\u00fdch l\u00e1tok a m\u00f4\u017ee prezentova\u0165 Va\u0161u osobu alebo firmu.<\/strong><\/p>\n<\/div>\n<\/div>\n<p>[\/et_pb_text][\/et_pb_column][\/et_pb_row][\/et_pb_section]<\/p>\n","protected":false},"excerpt":{"rendered":"<p>Recept starej mamy ur\u010den\u00fd na cholesterol, regener\u00e1ciu cievneho syst\u00e9mu, a pre\u010distenie krvi. Suroviny: F\u013ea\u0161a sirupu \u017den-\u0160en 330 g 2,5 litra prevarenej vody 15-20 str\u00fa\u010dikov cesnaku 1 ve\u013ek\u00e1 cibu\u013ea 2 citr\u00f3ny 200 g chrenu N\u00e1vod na pr\u00edpravu: cesnak, cibu\u013eu, chren zomelieme a d\u00e1me do 5 litrov\u00e9ho zav\u00e1raninov\u00e9ho poh\u00e1ra, prid\u00e1me na pl\u00e1tky nakr\u00e1jan\u00e9 citr\u00f3ny prevaren\u00fa vodu a [&hellip;]<\/p>\n","protected":false},"author":1,"featured_media":0,"parent":0,"menu_order":0,"comment_status":"closed","ping_status":"closed","template":"","meta":{"_et_pb_use_builder":"on","_et_pb_old_content":"","_et_gb_content_width":"","footnotes":""},"class_list":["post-1169","page","type-page","status-publish","hentry"],"_links":{"self":[{"href":"https:\/\/www.kantor.sk\/en\/wp-json\/wp\/v2\/pages\/1169","targetHints":{"allow":["GET"]}}],"collection":[{"href":"https:\/\/www.kantor.sk\/en\/wp-json\/wp\/v2\/pages"}],"about":[{"href":"https:\/\/www.kantor.sk\/en\/wp-json\/wp\/v2\/types\/page"}],"author":[{"embeddable":true,"href":"https:\/\/www.kantor.sk\/en\/wp-json\/wp\/v2\/users\/1"}],"replies":[{"embeddable":true,"href":"https:\/\/www.kantor.sk\/en\/wp-json\/wp\/v2\/comments?post=1169"}],"version-history":[{"count":1,"href":"https:\/\/www.kantor.sk\/en\/wp-json\/wp\/v2\/pages\/1169\/revisions"}],"predecessor-version":[{"id":1207,"href":"https:\/\/www.kantor.sk\/en\/wp-json\/wp\/v2\/pages\/1169\/revisions\/1207"}],"wp:attachment":[{"href":"https:\/\/www.kantor.sk\/en\/wp-json\/wp\/v2\/media?parent=1169"}],"curies":[{"name":"wp","href":"https:\/\/api.w.org\/{rel}","templated":true}]}}